{"id":148,"date":"2018-10-28T11:01:43","date_gmt":"2018-10-28T11:01:43","guid":{"rendered":"https:\/\/demo.budflare.com\/inspire\/?page_id=148"},"modified":"2025-06-22T22:54:46","modified_gmt":"2025-06-22T20:54:46","slug":"a-propos","status":"publish","type":"page","link":"https:\/\/lune.cloud\/index.php\/a-propos\/","title":{"rendered":"A Propos"},"content":{"rendered":"\t\t<div data-elementor-type=\"wp-post\" data-elementor-id=\"148\" class=\"elementor elementor-148\" data-elementor-post-type=\"page\">\n\t\t\t\t\t\t<section class=\"elementor-section elementor-top-section elementor-element elementor-element-74ffe367 elementor-section-content-middle elementor-reverse-mobile elementor-section-boxed elementor-section-height-default elementor-section-height-default\" data-id=\"74ffe367\" data-element_type=\"section\" data-e-type=\"section\">\n\t\t\t\t\t\t<div class=\"elementor-container elementor-column-gap-no\">\n\t\t\t\t\t<div class=\"elementor-column elementor-col-50 elementor-top-column elementor-element elementor-element-26da22f8\" data-id=\"26da22f8\" data-element_type=\"column\" data-e-type=\"column\">\n\t\t\t<div class=\"elementor-widget-wrap\">\n\t\t\t\t\t\t\t<\/div>\n\t\t<\/div>\n\t\t\t\t<div class=\"elementor-column elementor-col-50 elementor-top-column elementor-element elementor-element-44dbc7ec\" data-id=\"44dbc7ec\" data-element_type=\"column\" data-e-type=\"column\">\n\t\t\t<div class=\"elementor-widget-wrap elementor-element-populated\">\n\t\t\t\t\t\t<div class=\"elementor-element elementor-element-ad15260 elementor-widget-divider--view-line elementor-widget elementor-widget-divider\" data-id=\"ad15260\" data-element_type=\"widget\" data-e-type=\"widget\" data-widget_type=\"divider.default\">\n\t\t\t\t<div class=\"elementor-widget-container\">\n\t\t\t\t\t\t\t<div class=\"elementor-divider\">\n\t\t\t<span class=\"elementor-divider-separator\">\n\t\t\t\t\t\t<\/span>\n\t\t<\/div>\n\t\t\t\t\t\t<\/div>\n\t\t\t\t<\/div>\n\t\t\t\t<div class=\"elementor-element elementor-element-b83ee1c elementor-widget elementor-widget-heading\" data-id=\"b83ee1c\" data-element_type=\"widget\" data-e-type=\"widget\" data-widget_type=\"heading.default\">\n\t\t\t\t<div class=\"elementor-widget-container\">\n\t\t\t\t\t<h1 class=\"elementor-heading-title elementor-size-default\">A PROPOS<\/h1>\t\t\t\t<\/div>\n\t\t\t\t<\/div>\n\t\t\t\t<div class=\"elementor-element elementor-element-3ae2ad17 elementor-widget elementor-widget-text-editor\" data-id=\"3ae2ad17\" data-element_type=\"widget\" data-e-type=\"widget\" data-widget_type=\"text-editor.default\">\n\t\t\t\t<div class=\"elementor-widget-container\">\n\t\t\t\t\t\t\t\t\t<p><span style=\"color: #000000;\"><strong>Bonjour !<\/strong><\/span><\/p><p><span style=\"color: #000000;\"><strong>Apr\u00e8s un dipl\u00f4me de technicien informatique et administration r\u00e9seau, je m&rsquo;oriente vers un dipl\u00f4me en multim\u00e9dia et conception 3d., Apr\u00e8s quelques ann\u00e9es en tant qu&rsquo;infographiste 2d\/3d, jai fond\u00e9 une SARL de r\u00e9alisation et production audiovisuelle sur Toulouse.<\/strong><\/span><\/p><p><span style=\"color: #000000;\"><strong>J&rsquo;ai \u00e9galement travaill\u00e9 en freelance, avec de nombreux statuts diff\u00e9rents dans les domaines de l&rsquo;image, anim\u00e9e ou non, 2d ou 3d.<\/strong><\/span><\/p><p><span style=\"color: #000000;\"><strong>J&rsquo;exerce en sus le m\u00e9tier de formateur depuis une dizaine d&rsquo;ann\u00e9es, dans de nombreuses \u00e9coles de graphisme, principalement en tant que r\u00e9f\u00e9rent p\u00e9dagogique des sections 3d et game design. J&rsquo;ai \u00e9galement enseign\u00e9 les effets sp\u00e9ciaux 3d et le lookdev \u00e0 l&rsquo;\u00e9cole des Gobelins \u00e0 Paris.<\/strong><\/span><\/p><p><span style=\"color: #000000; font-family: 'Open Sans'; font-size: 15px; font-style: normal; font-variant-ligatures: normal; font-variant-caps: normal; font-weight: 600;\">Je fais \u00e9galement de la formation continue pour les professionnels, ma derni\u00e8re mission \u00e9tant sur la saison 2 de la s\u00e9rie Arcane (Netflix)<\/span><\/p><p><span style=\"color: #000000;\"><strong>J&rsquo;ai aussi travaill\u00e9 plusieurs ann\u00e9es en tant que directeur administratif &amp; p\u00e9dagogique d&rsquo;une \u00e9cole de direction artistique, animation 2d et 3d et game art\/ game design.<\/strong><\/span><\/p><p><span style=\"color: #000000;\"><strong>En parall\u00e8le je travaille de<\/strong><\/span><strong style=\"color: #000000; font-size: 15px;\">puis de nombreuses ann\u00e9es pour LinkedIn, en tant que cr\u00e9ateur de formations vid\u00e9os pour <a style=\"color: #000000;\" href=\"https:\/\/www.linkedin.com\/learning\/instructors\/guillaume-amauger\">LinkedIn Learning<\/a> .<\/strong><\/p><p><span style=\"color: #000000;\"><strong>Si vous souhaitez de plus amples informations, n&rsquo;h\u00e9sitez pas \u00e0 me <a style=\"color: #000000;\" href=\"mailto:lune@lune.cloud\">contacter<\/a> !<\/strong><\/span><\/p><div>\u00a0<\/div>\t\t\t\t\t\t\t\t<\/div>\n\t\t\t\t<\/div>\n\t\t\t\t<div class=\"elementor-element elementor-element-5db651c1 elementor-widget elementor-widget-image\" data-id=\"5db651c1\" data-element_type=\"widget\" data-e-type=\"widget\" data-widget_type=\"image.default\">\n\t\t\t\t<div class=\"elementor-widget-container\">\n\t\t\t\t\t\t\t\t\t\t\t\t\t\t\t<img fetchpriority=\"high\" decoding=\"async\" width=\"300\" height=\"300\" src=\"https:\/\/lune.cloud\/wp-content\/uploads\/2021\/12\/Plan-de-travail-79-100.jpg\" class=\"attachment-medium size-medium wp-image-2326\" alt=\"\" srcset=\"https:\/\/lune.cloud\/wp-content\/uploads\/2021\/12\/Plan-de-travail-79-100.jpg 301w, https:\/\/lune.cloud\/wp-content\/uploads\/2021\/12\/Plan-de-travail-79-100-150x150.jpg 150w, https:\/\/lune.cloud\/wp-content\/uploads\/2021\/12\/Plan-de-travail-79-100-100x100.jpg 100w\" sizes=\"(max-width: 300px) 100vw, 300px\" \/>\t\t\t\t\t\t\t\t\t\t\t\t\t\t\t<\/div>\n\t\t\t\t<\/div>\n\t\t\t\t\t<\/div>\n\t\t<\/div>\n\t\t\t\t\t<\/div>\n\t\t<\/section>\n\t\t\t\t<\/div>\n\t\t","protected":false},"excerpt":{"rendered":"<p>A PROPOS Bonjour ! Apr\u00e8s un dipl\u00f4me de technicien informatique et administration r\u00e9seau, je m&rsquo;oriente vers un dipl\u00f4me en multim\u00e9dia et conception 3d., Apr\u00e8s quelques ann\u00e9es en tant qu&rsquo;infographiste 2d\/3d, jai fond\u00e9 une SARL de r\u00e9alisation et production audiovisuelle sur Toulouse. J&rsquo;ai \u00e9galement travaill\u00e9 en freelance, avec de nombreux statuts diff\u00e9rents dans les domaines de [&hellip;]<\/p>\n","protected":false},"author":1,"featured_media":0,"parent":0,"menu_order":0,"comment_status":"closed","ping_status":"closed","template":"","meta":{"_ppp_document_settings_meta":"","_monsterinsights_skip_tracking":false,"_monsterinsights_sitenote_active":false,"_monsterinsights_sitenote_note":"","_monsterinsights_sitenote_category":0,"ocean_post_layout":"full-screen","ocean_both_sidebars_style":"","ocean_both_sidebars_content_width":0,"ocean_both_sidebars_sidebars_width":0,"ocean_sidebar":"0","ocean_second_sidebar":"0","ocean_disable_margins":"enable","ocean_add_body_class":"","ocean_shortcode_before_top_bar":"","ocean_shortcode_after_top_bar":"","ocean_shortcode_before_header":"","ocean_shortcode_after_header":"","ocean_has_shortcode":"","ocean_shortcode_after_title":"","ocean_shortcode_before_footer_widgets":"","ocean_shortcode_after_footer_widgets":"","ocean_shortcode_before_footer_bottom":"","ocean_shortcode_after_footer_bottom":"","ocean_display_top_bar":"default","ocean_display_header":"default","ocean_header_style":"minimal","ocean_center_header_left_menu":"0","ocean_custom_header_template":"0","ocean_custom_logo":0,"ocean_custom_retina_logo":0,"ocean_custom_logo_max_width":0,"ocean_custom_logo_tablet_max_width":0,"ocean_custom_logo_mobile_max_width":0,"ocean_custom_logo_max_height":0,"ocean_custom_logo_tablet_max_height":0,"ocean_custom_logo_mobile_max_height":0,"ocean_header_custom_menu":"0","ocean_menu_typo_font_family":"0","ocean_menu_typo_font_subset":"","ocean_menu_typo_font_size":0,"ocean_menu_typo_font_size_tablet":0,"ocean_menu_typo_font_size_mobile":0,"ocean_menu_typo_font_size_unit":"px","ocean_menu_typo_font_weight":"","ocean_menu_typo_font_weight_tablet":"","ocean_menu_typo_font_weight_mobile":"","ocean_menu_typo_transform":"","ocean_menu_typo_transform_tablet":"","ocean_menu_typo_transform_mobile":"","ocean_menu_typo_line_height":0,"ocean_menu_typo_line_height_tablet":0,"ocean_menu_typo_line_height_mobile":0,"ocean_menu_typo_line_height_unit":"","ocean_menu_typo_spacing":0,"ocean_menu_typo_spacing_tablet":0,"ocean_menu_typo_spacing_mobile":0,"ocean_menu_typo_spacing_unit":"","ocean_menu_link_color":"","ocean_menu_link_color_hover":"","ocean_menu_link_color_active":"","ocean_menu_link_background":"","ocean_menu_link_hover_background":"","ocean_menu_link_active_background":"","ocean_menu_social_links_bg":"","ocean_menu_social_hover_links_bg":"","ocean_menu_social_links_color":"","ocean_menu_social_hover_links_color":"","ocean_disable_title":"on","ocean_disable_heading":"on","ocean_post_title":"","ocean_post_subheading":"","ocean_post_title_style":"","ocean_post_title_background_color":"","ocean_post_title_background":0,"ocean_post_title_bg_image_position":"","ocean_post_title_bg_image_attachment":"","ocean_post_title_bg_image_repeat":"","ocean_post_title_bg_image_size":"","ocean_post_title_height":0,"ocean_post_title_bg_overlay":0.5,"ocean_post_title_bg_overlay_color":"","ocean_disable_breadcrumbs":"default","ocean_breadcrumbs_color":"","ocean_breadcrumbs_separator_color":"","ocean_breadcrumbs_links_color":"","ocean_breadcrumbs_links_hover_color":"","ocean_display_footer_widgets":"default","ocean_display_footer_bottom":"default","ocean_custom_footer_template":"0","ofc_meta_disable_footer_callout":"","ofc_meta_callout_button_url":"","ofc_meta_callout_button_txt":"","ofc_meta_callout_text":"","ofc_enable_fullscreen":"disable","ofc_fullscreen_speed":0,"ofc_fullscreen_nav":"enable","ofc_fullscreen_nav_pos":"right","ofc_fullscreen_nav_color":"","ofc_fullscreen_nav_tooltip_color":"","ofc_fullscreen_responsive":0,"osp_disable_panel":"default","osh_disable_topbar_sticky":"default","osh_disable_header_sticky":"default","osh_sticky_header_style":"default","osh_sticky_header_effect":"","osh_custom_sticky_logo":0,"osh_custom_retina_sticky_logo":0,"osh_custom_sticky_logo_height":0,"osh_background_color":"","osh_links_color":"","osh_links_hover_color":"","osh_links_active_color":"","osh_links_bg_color":"","osh_links_hover_bg_color":"","osh_links_active_bg_color":"","osh_menu_social_links_color":"","osh_menu_social_hover_links_color":"","footnotes":""},"class_list":["post-148","page","type-page","status-publish","hentry","entry","owp-thumbs-layout-horizontal","owp-btn-normal","owp-tabs-layout-horizontal","has-no-thumbnails","has-product-nav"],"yoast_head":"<!-- This site is optimized with the Yoast SEO plugin v27.5 - https:\/\/yoast.com\/product\/yoast-seo-wordpress\/ -->\n<title>A Propos - Lune, freelance graphisme &amp; formation<\/title>\n<meta name=\"description\" content=\"Je suis graphiste et formateur freelance depuis 15 ans, et j&#039;interviens dans les m\u00e9tiers li\u00e9s \u00e0 l&#039;image, fixe ou anim\u00e9e, 2d ou 3d\" \/>\n<meta name=\"robots\" content=\"index, follow, max-snippet:-1, max-image-preview:large, max-video-preview:-1\" \/>\n<link rel=\"canonical\" href=\"https:\/\/lune.cloud\/index.php\/a-propos\/\" \/>\n<meta property=\"og:locale\" content=\"fr_FR\" \/>\n<meta property=\"og:type\" content=\"article\" \/>\n<meta property=\"og:title\" content=\"A Propos - Lune, freelance graphisme &amp; formation\" \/>\n<meta property=\"og:description\" content=\"Je suis graphiste et formateur freelance depuis 15 ans, et j&#039;interviens dans les m\u00e9tiers li\u00e9s \u00e0 l&#039;image, fixe ou anim\u00e9e, 2d ou 3d\" \/>\n<meta property=\"og:url\" content=\"https:\/\/lune.cloud\/index.php\/a-propos\/\" \/>\n<meta property=\"og:site_name\" content=\"Lune, freelance graphisme &amp; formation\" \/>\n<meta property=\"article:publisher\" content=\"https:\/\/www.facebook.com\/lune-111981165729\/\" \/>\n<meta property=\"article:modified_time\" content=\"2025-06-22T20:54:46+00:00\" \/>\n<meta property=\"og:image\" content=\"https:\/\/lune.cloud\/wp-content\/uploads\/2021\/12\/Plan-de-travail-79-100.jpg\" \/>\n\t<meta property=\"og:image:width\" content=\"301\" \/>\n\t<meta property=\"og:image:height\" content=\"301\" \/>\n\t<meta property=\"og:image:type\" content=\"image\/jpeg\" \/>\n<meta name=\"twitter:card\" content=\"summary_large_image\" \/>\n<meta name=\"twitter:label1\" content=\"Dur\u00e9e de lecture estim\u00e9e\" \/>\n\t<meta name=\"twitter:data1\" content=\"2 minutes\" \/>\n<!-- \/ Yoast SEO plugin. -->","yoast_head_json":{"title":"A Propos - Lune, freelance graphisme &amp; formation","description":"Je suis graphiste et formateur freelance depuis 15 ans, et j'interviens dans les m\u00e9tiers li\u00e9s \u00e0 l'image, fixe ou anim\u00e9e, 2d ou 3d","robots":{"index":"index","follow":"follow","max-snippet":"max-snippet:-1","max-image-preview":"max-image-preview:large","max-video-preview":"max-video-preview:-1"},"canonical":"https:\/\/lune.cloud\/index.php\/a-propos\/","og_locale":"fr_FR","og_type":"article","og_title":"A Propos - Lune, freelance graphisme &amp; formation","og_description":"Je suis graphiste et formateur freelance depuis 15 ans, et j'interviens dans les m\u00e9tiers li\u00e9s \u00e0 l'image, fixe ou anim\u00e9e, 2d ou 3d","og_url":"https:\/\/lune.cloud\/index.php\/a-propos\/","og_site_name":"Lune, freelance graphisme &amp; formation","article_publisher":"https:\/\/www.facebook.com\/lune-111981165729\/","article_modified_time":"2025-06-22T20:54:46+00:00","og_image":[{"width":301,"height":301,"url":"https:\/\/lune.cloud\/wp-content\/uploads\/2021\/12\/Plan-de-travail-79-100.jpg","type":"image\/jpeg"}],"twitter_card":"summary_large_image","twitter_misc":{"Dur\u00e9e de lecture estim\u00e9e":"2 minutes"},"schema":{"@context":"https:\/\/schema.org","@graph":[{"@type":"WebPage","@id":"https:\/\/lune.cloud\/index.php\/a-propos\/","url":"https:\/\/lune.cloud\/index.php\/a-propos\/","name":"A Propos - Lune, freelance graphisme &amp; formation","isPartOf":{"@id":"https:\/\/lune.cloud\/#website"},"primaryImageOfPage":{"@id":"https:\/\/lune.cloud\/index.php\/a-propos\/#primaryimage"},"image":{"@id":"https:\/\/lune.cloud\/index.php\/a-propos\/#primaryimage"},"thumbnailUrl":"https:\/\/lune.cloud\/wp-content\/uploads\/2021\/12\/Plan-de-travail-79-100.jpg","datePublished":"2018-10-28T11:01:43+00:00","dateModified":"2025-06-22T20:54:46+00:00","description":"Je suis graphiste et formateur freelance depuis 15 ans, et j'interviens dans les m\u00e9tiers li\u00e9s \u00e0 l'image, fixe ou anim\u00e9e, 2d ou 3d","breadcrumb":{"@id":"https:\/\/lune.cloud\/index.php\/a-propos\/#breadcrumb"},"inLanguage":"fr-FR","potentialAction":[{"@type":"ReadAction","target":["https:\/\/lune.cloud\/index.php\/a-propos\/"]}]},{"@type":"ImageObject","inLanguage":"fr-FR","@id":"https:\/\/lune.cloud\/index.php\/a-propos\/#primaryimage","url":"https:\/\/lune.cloud\/wp-content\/uploads\/2021\/12\/Plan-de-travail-79-100.jpg","contentUrl":"https:\/\/lune.cloud\/wp-content\/uploads\/2021\/12\/Plan-de-travail-79-100.jpg","width":301,"height":301},{"@type":"BreadcrumbList","@id":"https:\/\/lune.cloud\/index.php\/a-propos\/#breadcrumb","itemListElement":[{"@type":"ListItem","position":1,"name":"Home","item":"https:\/\/lune.cloud\/"},{"@type":"ListItem","position":2,"name":"A Propos"}]},{"@type":"WebSite","@id":"https:\/\/lune.cloud\/#website","url":"https:\/\/lune.cloud\/","name":"Lune, freelance graphisme &amp; formation","description":"D.A., motion design, 2d &amp; 3d, formation &amp; consulting","publisher":{"@id":"https:\/\/lune.cloud\/#organization"},"potentialAction":[{"@type":"SearchAction","target":{"@type":"EntryPoint","urlTemplate":"https:\/\/lune.cloud\/?s={search_term_string}"},"query-input":{"@type":"PropertyValueSpecification","valueRequired":true,"valueName":"search_term_string"}}],"inLanguage":"fr-FR"},{"@type":"Organization","@id":"https:\/\/lune.cloud\/#organization","name":"Lune","url":"https:\/\/lune.cloud\/","logo":{"@type":"ImageObject","inLanguage":"fr-FR","@id":"https:\/\/lune.cloud\/#\/schema\/logo\/image\/","url":"https:\/\/lune.cloud\/wp-content\/uploads\/2020\/03\/ms-icon-310x310-1.png","contentUrl":"https:\/\/lune.cloud\/wp-content\/uploads\/2020\/03\/ms-icon-310x310-1.png","width":310,"height":310,"caption":"Lune"},"image":{"@id":"https:\/\/lune.cloud\/#\/schema\/logo\/image\/"},"sameAs":["https:\/\/www.facebook.com\/lune-111981165729\/","https:\/\/www.instagram.com\/_lune___________\/","https:\/\/www.linkedin.com\/in\/guillaume-amauger-74420212\/"]}]}},"_links":{"self":[{"href":"https:\/\/lune.cloud\/index.php\/wp-json\/wp\/v2\/pages\/148","targetHints":{"allow":["GET"]}}],"collection":[{"href":"https:\/\/lune.cloud\/index.php\/wp-json\/wp\/v2\/pages"}],"about":[{"href":"https:\/\/lune.cloud\/index.php\/wp-json\/wp\/v2\/types\/page"}],"author":[{"embeddable":true,"href":"https:\/\/lune.cloud\/index.php\/wp-json\/wp\/v2\/users\/1"}],"replies":[{"embeddable":true,"href":"https:\/\/lune.cloud\/index.php\/wp-json\/wp\/v2\/comments?post=148"}],"version-history":[{"count":31,"href":"https:\/\/lune.cloud\/index.php\/wp-json\/wp\/v2\/pages\/148\/revisions"}],"predecessor-version":[{"id":20068,"href":"https:\/\/lune.cloud\/index.php\/wp-json\/wp\/v2\/pages\/148\/revisions\/20068"}],"wp:attachment":[{"href":"https:\/\/lune.cloud\/index.php\/wp-json\/wp\/v2\/media?parent=148"}],"curies":[{"name":"wp","href":"https:\/\/api.w.org\/{rel}","templated":true}]}}