{"id":400,"date":"2020-03-31T13:40:07","date_gmt":"2020-03-31T11:40:07","guid":{"rendered":"http:\/\/lune.cloud\/?page_id=400"},"modified":"2020-04-28T12:13:58","modified_gmt":"2020-04-28T10:13:58","slug":"formation","status":"publish","type":"page","link":"https:\/\/lune.cloud\/index.php\/formation\/","title":{"rendered":"Formation"},"content":{"rendered":"\t\t<div data-elementor-type=\"wp-page\" data-elementor-id=\"400\" class=\"elementor elementor-400\" data-elementor-post-type=\"page\">\n\t\t\t\t\t\t<section class=\"elementor-section elementor-top-section elementor-element elementor-element-23f6bda elementor-section-boxed elementor-section-height-default elementor-section-height-default\" data-id=\"23f6bda\" data-element_type=\"section\" data-e-type=\"section\">\n\t\t\t\t\t\t<div class=\"elementor-container elementor-column-gap-default\">\n\t\t\t\t\t<div class=\"elementor-column elementor-col-100 elementor-top-column elementor-element elementor-element-3a26f1a\" data-id=\"3a26f1a\" data-element_type=\"column\" data-e-type=\"column\">\n\t\t\t<div class=\"elementor-widget-wrap elementor-element-populated\">\n\t\t\t\t\t\t<div class=\"elementor-element elementor-element-fc159bc elementor-widget elementor-widget-heading\" data-id=\"fc159bc\" data-element_type=\"widget\" data-e-type=\"widget\" data-widget_type=\"heading.default\">\n\t\t\t\t<div class=\"elementor-widget-container\">\n\t\t\t\t\t<h1 class=\"elementor-heading-title elementor-size-default\">FORMATION<\/h1>\t\t\t\t<\/div>\n\t\t\t\t<\/div>\n\t\t\t\t<div class=\"elementor-element elementor-element-dd3877e elementor-widget elementor-widget-spacer\" data-id=\"dd3877e\" data-element_type=\"widget\" data-e-type=\"widget\" data-widget_type=\"spacer.default\">\n\t\t\t\t<div class=\"elementor-widget-container\">\n\t\t\t\t\t\t\t<div class=\"elementor-spacer\">\n\t\t\t<div class=\"elementor-spacer-inner\"><\/div>\n\t\t<\/div>\n\t\t\t\t\t\t<\/div>\n\t\t\t\t<\/div>\n\t\t\t\t<div class=\"elementor-element elementor-element-cf502c1 elementor-widget elementor-widget-heading\" data-id=\"cf502c1\" data-element_type=\"widget\" data-e-type=\"widget\" data-widget_type=\"heading.default\">\n\t\t\t\t<div class=\"elementor-widget-container\">\n\t\t\t\t\t<h2 class=\"elementor-heading-title elementor-size-default\">TRANSMISSION, EXPERTISE ET PEDAGOGIE<\/h2>\t\t\t\t<\/div>\n\t\t\t\t<\/div>\n\t\t\t\t<div class=\"elementor-element elementor-element-4c9526e elementor-widget elementor-widget-spacer\" data-id=\"4c9526e\" data-element_type=\"widget\" data-e-type=\"widget\" data-widget_type=\"spacer.default\">\n\t\t\t\t<div class=\"elementor-widget-container\">\n\t\t\t\t\t\t\t<div class=\"elementor-spacer\">\n\t\t\t<div class=\"elementor-spacer-inner\"><\/div>\n\t\t<\/div>\n\t\t\t\t\t\t<\/div>\n\t\t\t\t<\/div>\n\t\t\t\t<div class=\"elementor-element elementor-element-e0f487a elementor-widget elementor-widget-text-editor\" data-id=\"e0f487a\" data-element_type=\"widget\" data-e-type=\"widget\" data-widget_type=\"text-editor.default\">\n\t\t\t\t<div class=\"elementor-widget-container\">\n\t\t\t\t\t\t\t\t\t<p>La formation et l\u2019enseignement sont des choses que j\u2019appr\u00e9cie tout particuli\u00e8rement, car j&rsquo;ai toujours beaucoup aim\u00e9 la transmission et la passation de connaissances.<\/p>\n<p>J\u2019enseigne ainsi les m\u00e9tiers de la 3d et de l&rsquo;animation depuis plusieurs ann\u00e9es dans des \u00e9coles publiques comme les Gobelins (Paris) ou priv\u00e9es comme Brassart ou l&rsquo;ESMA, soit pour des workshops, soit pour des cours classiques, du suivi de projet ou en tant que responsable p\u00e9dagogique.<\/p>\n<p>J&rsquo;ai \u00e9galement \u00e9t\u00e9 directeur administratif et p\u00e9dagogique d&rsquo;une \u00e9cole sup\u00e9rieure de direction artistique, animation 2d\/3d et game design\/game art.<\/p>\n<p>J&rsquo;interviens \u00e9galement en tant que formateur ind\u00e9pendant pour de la formation continue, aupr\u00e8s d&rsquo;entreprises ou de particuliers, en pr\u00e9sentiel comme en e-learning..<\/p>\n<p>Pour finir, je cr\u00e9e \u00e9galement des tutoriels vid\u00e9os pour <a href=\"https:\/\/www.linkedin.com\/learning\/instructors\/guillaume-amauger\" target=\"_blank\" rel=\"noopener\">LinkedIn<\/a><\/p>\t\t\t\t\t\t\t\t<\/div>\n\t\t\t\t<\/div>\n\t\t\t\t<div class=\"elementor-element elementor-element-8c696b0 elementor-widget elementor-widget-spacer\" data-id=\"8c696b0\" data-element_type=\"widget\" data-e-type=\"widget\" data-widget_type=\"spacer.default\">\n\t\t\t\t<div class=\"elementor-widget-container\">\n\t\t\t\t\t\t\t<div class=\"elementor-spacer\">\n\t\t\t<div class=\"elementor-spacer-inner\"><\/div>\n\t\t<\/div>\n\t\t\t\t\t\t<\/div>\n\t\t\t\t<\/div>\n\t\t\t\t<div class=\"elementor-element elementor-element-888dea9 elementor-widget elementor-widget-spacer\" data-id=\"888dea9\" data-element_type=\"widget\" data-e-type=\"widget\" data-widget_type=\"spacer.default\">\n\t\t\t\t<div class=\"elementor-widget-container\">\n\t\t\t\t\t\t\t<div class=\"elementor-spacer\">\n\t\t\t<div class=\"elementor-spacer-inner\"><\/div>\n\t\t<\/div>\n\t\t\t\t\t\t<\/div>\n\t\t\t\t<\/div>\n\t\t\t\t<div class=\"elementor-element elementor-element-55770ff elementor-widget elementor-widget-heading\" data-id=\"55770ff\" data-element_type=\"widget\" data-e-type=\"widget\" data-widget_type=\"heading.default\">\n\t\t\t\t<div class=\"elementor-widget-container\">\n\t\t\t\t\t<h1 class=\"elementor-heading-title elementor-size-default\">FORMATION INITIALE<\/h1>\t\t\t\t<\/div>\n\t\t\t\t<\/div>\n\t\t\t\t<div class=\"elementor-element elementor-element-1d83546 elementor-widget elementor-widget-heading\" data-id=\"1d83546\" data-element_type=\"widget\" data-e-type=\"widget\" data-widget_type=\"heading.default\">\n\t\t\t\t<div class=\"elementor-widget-container\">\n\t\t\t\t\t<h2 class=\"elementor-heading-title elementor-size-default\">Ecoles<\/h2>\t\t\t\t<\/div>\n\t\t\t\t<\/div>\n\t\t\t\t<div class=\"elementor-element elementor-element-3600636 elementor-widget elementor-widget-spacer\" data-id=\"3600636\" data-element_type=\"widget\" data-e-type=\"widget\" data-widget_type=\"spacer.default\">\n\t\t\t\t<div class=\"elementor-widget-container\">\n\t\t\t\t\t\t\t<div class=\"elementor-spacer\">\n\t\t\t<div class=\"elementor-spacer-inner\"><\/div>\n\t\t<\/div>\n\t\t\t\t\t\t<\/div>\n\t\t\t\t<\/div>\n\t\t\t\t<div class=\"elementor-element elementor-element-7b9241e elementor-widget elementor-widget-image\" data-id=\"7b9241e\" data-element_type=\"widget\" data-e-type=\"widget\" data-widget_type=\"image.default\">\n\t\t\t\t<div class=\"elementor-widget-container\">\n\t\t\t\t\t\t\t\t\t\t\t\t\t\t\t<img fetchpriority=\"high\" decoding=\"async\" width=\"960\" height=\"472\" src=\"https:\/\/lune.cloud\/wp-content\/uploads\/2020\/04\/formation_initiale_.jpg\" class=\"attachment-large size-large wp-image-582\" alt=\"Formation initiale\" srcset=\"https:\/\/lune.cloud\/wp-content\/uploads\/2020\/04\/formation_initiale_.jpg 960w, https:\/\/lune.cloud\/wp-content\/uploads\/2020\/04\/formation_initiale_-600x295.jpg 600w, https:\/\/lune.cloud\/wp-content\/uploads\/2020\/04\/formation_initiale_-300x148.jpg 300w, https:\/\/lune.cloud\/wp-content\/uploads\/2020\/04\/formation_initiale_-768x378.jpg 768w\" sizes=\"(max-width: 960px) 100vw, 960px\" \/>\t\t\t\t\t\t\t\t\t\t\t\t\t\t\t<\/div>\n\t\t\t\t<\/div>\n\t\t\t\t<div class=\"elementor-element elementor-element-86f032a elementor-widget elementor-widget-spacer\" data-id=\"86f032a\" data-element_type=\"widget\" data-e-type=\"widget\" data-widget_type=\"spacer.default\">\n\t\t\t\t<div class=\"elementor-widget-container\">\n\t\t\t\t\t\t\t<div class=\"elementor-spacer\">\n\t\t\t<div class=\"elementor-spacer-inner\"><\/div>\n\t\t<\/div>\n\t\t\t\t\t\t<\/div>\n\t\t\t\t<\/div>\n\t\t\t\t<div class=\"elementor-element elementor-element-edbd2f4 elementor-widget elementor-widget-text-editor\" data-id=\"edbd2f4\" data-element_type=\"widget\" data-e-type=\"widget\" data-widget_type=\"text-editor.default\">\n\t\t\t\t<div class=\"elementor-widget-container\">\n\t\t\t\t\t\t\t\t\t<p>J&rsquo;enseigne depuis une quinzaine d&rsquo;ann\u00e9es dans de nombreuses \u00e9coles diff\u00e9rentes, que ce soit en tant qu&rsquo;enseignant, responsable p\u00e9dagogique ou directeur.<\/p><p>J&rsquo;interviens pour des conf\u00e9rences, du suivi de projet, des workshops sur des th\u00e9matiques sp\u00e9cifiques ou des cours classiques.<\/p><p>Mes domaines d&rsquo;expertise sont les logiciels de 3d (Maya \/ Blender \/ 3dsMax \/ C4D), le temps r\u00e9el (Unity\/Unreal), le lookdev (Quixel \/ Mari\/ Arnold), le compositing (Nuke) et les fluides (FumeFx \/ Krakatoa \/ Realflow).<\/p><p>N&rsquo;h\u00e9sitez pas \u00e0 me contacter si vous souhaitez plus d&rsquo;informations.<\/p>\t\t\t\t\t\t\t\t<\/div>\n\t\t\t\t<\/div>\n\t\t\t\t<div class=\"elementor-element elementor-element-96aba01 elementor-widget elementor-widget-spacer\" data-id=\"96aba01\" data-element_type=\"widget\" data-e-type=\"widget\" data-widget_type=\"spacer.default\">\n\t\t\t\t<div class=\"elementor-widget-container\">\n\t\t\t\t\t\t\t<div class=\"elementor-spacer\">\n\t\t\t<div class=\"elementor-spacer-inner\"><\/div>\n\t\t<\/div>\n\t\t\t\t\t\t<\/div>\n\t\t\t\t<\/div>\n\t\t\t\t<div class=\"elementor-element elementor-element-5c60bbe elementor-widget elementor-widget-heading\" data-id=\"5c60bbe\" data-element_type=\"widget\" data-e-type=\"widget\" data-widget_type=\"heading.default\">\n\t\t\t\t<div class=\"elementor-widget-container\">\n\t\t\t\t\t<h1 class=\"elementor-heading-title elementor-size-default\">FORMATION CONTINUE<\/h1>\t\t\t\t<\/div>\n\t\t\t\t<\/div>\n\t\t\t\t<div class=\"elementor-element elementor-element-30d2adc elementor-widget elementor-widget-heading\" data-id=\"30d2adc\" data-element_type=\"widget\" data-e-type=\"widget\" data-widget_type=\"heading.default\">\n\t\t\t\t<div class=\"elementor-widget-container\">\n\t\t\t\t\t<h2 class=\"elementor-heading-title elementor-size-default\">Entreprises, particuliers et centres de formation<\/h2>\t\t\t\t<\/div>\n\t\t\t\t<\/div>\n\t\t\t\t<div class=\"elementor-element elementor-element-b9d8a1c elementor-widget elementor-widget-spacer\" data-id=\"b9d8a1c\" data-element_type=\"widget\" data-e-type=\"widget\" data-widget_type=\"spacer.default\">\n\t\t\t\t<div class=\"elementor-widget-container\">\n\t\t\t\t\t\t\t<div class=\"elementor-spacer\">\n\t\t\t<div class=\"elementor-spacer-inner\"><\/div>\n\t\t<\/div>\n\t\t\t\t\t\t<\/div>\n\t\t\t\t<\/div>\n\t\t\t\t<div class=\"elementor-element elementor-element-3813cd0 elementor-widget elementor-widget-image\" data-id=\"3813cd0\" data-element_type=\"widget\" data-e-type=\"widget\" data-widget_type=\"image.default\">\n\t\t\t\t<div class=\"elementor-widget-container\">\n\t\t\t\t\t\t\t\t\t\t\t\t\t\t\t<img decoding=\"async\" width=\"1024\" height=\"576\" src=\"https:\/\/lune.cloud\/wp-content\/uploads\/2020\/04\/formation_continue_-1024x576.jpg\" class=\"attachment-large size-large wp-image-583\" alt=\"formation continue\" srcset=\"https:\/\/lune.cloud\/wp-content\/uploads\/2020\/04\/formation_continue_-1024x576.jpg 1024w, https:\/\/lune.cloud\/wp-content\/uploads\/2020\/04\/formation_continue_-300x169.jpg 300w, https:\/\/lune.cloud\/wp-content\/uploads\/2020\/04\/formation_continue_-600x338.jpg 600w, https:\/\/lune.cloud\/wp-content\/uploads\/2020\/04\/formation_continue_-768x432.jpg 768w, https:\/\/lune.cloud\/wp-content\/uploads\/2020\/04\/formation_continue_-1536x865.jpg 1536w, https:\/\/lune.cloud\/wp-content\/uploads\/2020\/04\/formation_continue_.jpg 1556w\" sizes=\"(max-width: 1024px) 100vw, 1024px\" \/>\t\t\t\t\t\t\t\t\t\t\t\t\t\t\t<\/div>\n\t\t\t\t<\/div>\n\t\t\t\t<div class=\"elementor-element elementor-element-da1ab5c elementor-widget elementor-widget-spacer\" data-id=\"da1ab5c\" data-element_type=\"widget\" data-e-type=\"widget\" data-widget_type=\"spacer.default\">\n\t\t\t\t<div class=\"elementor-widget-container\">\n\t\t\t\t\t\t\t<div class=\"elementor-spacer\">\n\t\t\t<div class=\"elementor-spacer-inner\"><\/div>\n\t\t<\/div>\n\t\t\t\t\t\t<\/div>\n\t\t\t\t<\/div>\n\t\t\t\t<div class=\"elementor-element elementor-element-0b40f0e elementor-widget elementor-widget-text-editor\" data-id=\"0b40f0e\" data-element_type=\"widget\" data-e-type=\"widget\" data-widget_type=\"text-editor.default\">\n\t\t\t\t<div class=\"elementor-widget-container\">\n\t\t\t\t\t\t\t\t\t<p>Dans le cadre de la formation continue, j&rsquo;interviens aussi bien en pr\u00e9sentiel qu&rsquo;en e-learning.<\/p><p>Mes formations b\u00e9n\u00e9ficient de diff\u00e9rents types de financements (OPCO, etc)\u00a0 et sont r\u00e9f\u00e9renc\u00e9es Datadock.<\/p><p>Vous pouvez retrouver mon catalogue de formation <a href=\"https:\/\/lune.cloud\/index.php\/catalogue-de-formations\/\" rel=\"noopener\">ici<\/a>, ou me contacter pour un besoin particulier.<\/p>\t\t\t\t\t\t\t\t<\/div>\n\t\t\t\t<\/div>\n\t\t\t\t<div class=\"elementor-element elementor-element-5ea8368 elementor-widget elementor-widget-spacer\" data-id=\"5ea8368\" data-element_type=\"widget\" data-e-type=\"widget\" data-widget_type=\"spacer.default\">\n\t\t\t\t<div class=\"elementor-widget-container\">\n\t\t\t\t\t\t\t<div class=\"elementor-spacer\">\n\t\t\t<div class=\"elementor-spacer-inner\"><\/div>\n\t\t<\/div>\n\t\t\t\t\t\t<\/div>\n\t\t\t\t<\/div>\n\t\t\t\t\t<\/div>\n\t\t<\/div>\n\t\t\t\t\t<\/div>\n\t\t<\/section>\n\t\t\t\t<\/div>\n\t\t","protected":false},"excerpt":{"rendered":"<p>FORMATION TRANSMISSION, EXPERTISE ET PEDAGOGIE La formation et l\u2019enseignement sont des choses que j\u2019appr\u00e9cie tout particuli\u00e8rement, car j&rsquo;ai toujours beaucoup aim\u00e9 la transmission et la passation de connaissances. J\u2019enseigne ainsi les m\u00e9tiers de la 3d et de l&rsquo;animation depuis plusieurs ann\u00e9es dans des \u00e9coles publiques comme les Gobelins (Paris) ou priv\u00e9es comme Brassart ou l&rsquo;ESMA, [&hellip;]<\/p>\n","protected":false},"author":1,"featured_media":0,"parent":0,"menu_order":0,"comment_status":"closed","ping_status":"closed","template":"elementor_header_footer","meta":{"_ppp_document_settings_meta":"","_monsterinsights_skip_tracking":false,"_monsterinsights_sitenote_active":false,"_monsterinsights_sitenote_note":"","_monsterinsights_sitenote_category":0,"ocean_post_layout":"","ocean_both_sidebars_style":"","ocean_both_sidebars_content_width":0,"ocean_both_sidebars_sidebars_width":0,"ocean_sidebar":"0","ocean_second_sidebar":"0","ocean_disable_margins":"enable","ocean_add_body_class":"","ocean_shortcode_before_top_bar":"","ocean_shortcode_after_top_bar":"","ocean_shortcode_before_header":"","ocean_shortcode_after_header":"","ocean_has_shortcode":"","ocean_shortcode_after_title":"","ocean_shortcode_before_footer_widgets":"","ocean_shortcode_after_footer_widgets":"","ocean_shortcode_before_footer_bottom":"","ocean_shortcode_after_footer_bottom":"","ocean_display_top_bar":"default","ocean_display_header":"default","ocean_header_style":"","ocean_center_header_left_menu":"0","ocean_custom_header_template":"0","ocean_custom_logo":0,"ocean_custom_retina_logo":0,"ocean_custom_logo_max_width":0,"ocean_custom_logo_tablet_max_width":0,"ocean_custom_logo_mobile_max_width":0,"ocean_custom_logo_max_height":0,"ocean_custom_logo_tablet_max_height":0,"ocean_custom_logo_mobile_max_height":0,"ocean_header_custom_menu":"0","ocean_menu_typo_font_family":"0","ocean_menu_typo_font_subset":"","ocean_menu_typo_font_size":0,"ocean_menu_typo_font_size_tablet":0,"ocean_menu_typo_font_size_mobile":0,"ocean_menu_typo_font_size_unit":"px","ocean_menu_typo_font_weight":"","ocean_menu_typo_font_weight_tablet":"","ocean_menu_typo_font_weight_mobile":"","ocean_menu_typo_transform":"","ocean_menu_typo_transform_tablet":"","ocean_menu_typo_transform_mobile":"","ocean_menu_typo_line_height":0,"ocean_menu_typo_line_height_tablet":0,"ocean_menu_typo_line_height_mobile":0,"ocean_menu_typo_line_height_unit":"","ocean_menu_typo_spacing":0,"ocean_menu_typo_spacing_tablet":0,"ocean_menu_typo_spacing_mobile":0,"ocean_menu_typo_spacing_unit":"","ocean_menu_link_color":"","ocean_menu_link_color_hover":"","ocean_menu_link_color_active":"","ocean_menu_link_background":"","ocean_menu_link_hover_background":"","ocean_menu_link_active_background":"","ocean_menu_social_links_bg":"","ocean_menu_social_hover_links_bg":"","ocean_menu_social_links_color":"","ocean_menu_social_hover_links_color":"","ocean_disable_title":"on","ocean_disable_heading":"default","ocean_post_title":"","ocean_post_subheading":"","ocean_post_title_style":"","ocean_post_title_background_color":"","ocean_post_title_background":0,"ocean_post_title_bg_image_position":"","ocean_post_title_bg_image_attachment":"","ocean_post_title_bg_image_repeat":"","ocean_post_title_bg_image_size":"","ocean_post_title_height":0,"ocean_post_title_bg_overlay":0.5,"ocean_post_title_bg_overlay_color":"","ocean_disable_breadcrumbs":"default","ocean_breadcrumbs_color":"","ocean_breadcrumbs_separator_color":"","ocean_breadcrumbs_links_color":"","ocean_breadcrumbs_links_hover_color":"","ocean_display_footer_widgets":"default","ocean_display_footer_bottom":"default","ocean_custom_footer_template":"0","ofc_meta_disable_footer_callout":"","ofc_meta_callout_button_url":"","ofc_meta_callout_button_txt":"","ofc_meta_callout_text":"","ofc_enable_fullscreen":"disable","ofc_fullscreen_speed":0,"ofc_fullscreen_nav":"enable","ofc_fullscreen_nav_pos":"right","ofc_fullscreen_nav_color":"","ofc_fullscreen_nav_tooltip_color":"","ofc_fullscreen_responsive":0,"osp_disable_panel":"off","osh_disable_topbar_sticky":"default","osh_disable_header_sticky":"default","osh_sticky_header_style":"default","osh_sticky_header_effect":"","osh_custom_sticky_logo":0,"osh_custom_retina_sticky_logo":0,"osh_custom_sticky_logo_height":0,"osh_background_color":"","osh_links_color":"","osh_links_hover_color":"","osh_links_active_color":"","osh_links_bg_color":"","osh_links_hover_bg_color":"","osh_links_active_bg_color":"","osh_menu_social_links_color":"","osh_menu_social_hover_links_color":"","footnotes":""},"class_list":["post-400","page","type-page","status-publish","hentry","entry","owp-thumbs-layout-horizontal","owp-btn-normal","owp-tabs-layout-horizontal","has-no-thumbnails","has-product-nav"],"yoast_head":"<!-- This site is optimized with the Yoast SEO plugin v27.5 - https:\/\/yoast.com\/product\/yoast-seo-wordpress\/ -->\n<title>Formation - Lune, freelance graphisme &amp; formation<\/title>\n<meta name=\"description\" content=\"Formation dans les m\u00e9tiers de la cr\u00e9ation graphique. Initiale ou continue, pr\u00e9sentielle ou e-learning\" \/>\n<meta name=\"robots\" content=\"index, follow, max-snippet:-1, max-image-preview:large, max-video-preview:-1\" \/>\n<link rel=\"canonical\" href=\"https:\/\/lune.cloud\/index.php\/formation\/\" \/>\n<meta property=\"og:locale\" content=\"fr_FR\" \/>\n<meta property=\"og:type\" content=\"article\" \/>\n<meta property=\"og:title\" content=\"Formation - Lune, freelance graphisme &amp; formation\" \/>\n<meta property=\"og:description\" content=\"Formation dans les m\u00e9tiers de la cr\u00e9ation graphique. Initiale ou continue, pr\u00e9sentielle ou e-learning\" \/>\n<meta property=\"og:url\" content=\"https:\/\/lune.cloud\/index.php\/formation\/\" \/>\n<meta property=\"og:site_name\" content=\"Lune, freelance graphisme &amp; formation\" \/>\n<meta property=\"article:publisher\" content=\"https:\/\/www.facebook.com\/lune-111981165729\/\" \/>\n<meta property=\"article:modified_time\" content=\"2020-04-28T10:13:58+00:00\" \/>\n<meta property=\"og:image\" content=\"https:\/\/lune.cloud\/wp-content\/uploads\/2020\/04\/formation_initiale_.jpg\" \/>\n<meta name=\"twitter:card\" content=\"summary_large_image\" \/>\n<meta name=\"twitter:label1\" content=\"Dur\u00e9e de lecture estim\u00e9e\" \/>\n\t<meta name=\"twitter:data1\" content=\"1 minute\" \/>\n<!-- \/ Yoast SEO plugin. -->","yoast_head_json":{"title":"Formation - Lune, freelance graphisme &amp; formation","description":"Formation dans les m\u00e9tiers de la cr\u00e9ation graphique. Initiale ou continue, pr\u00e9sentielle ou e-learning","robots":{"index":"index","follow":"follow","max-snippet":"max-snippet:-1","max-image-preview":"max-image-preview:large","max-video-preview":"max-video-preview:-1"},"canonical":"https:\/\/lune.cloud\/index.php\/formation\/","og_locale":"fr_FR","og_type":"article","og_title":"Formation - Lune, freelance graphisme &amp; formation","og_description":"Formation dans les m\u00e9tiers de la cr\u00e9ation graphique. Initiale ou continue, pr\u00e9sentielle ou e-learning","og_url":"https:\/\/lune.cloud\/index.php\/formation\/","og_site_name":"Lune, freelance graphisme &amp; formation","article_publisher":"https:\/\/www.facebook.com\/lune-111981165729\/","article_modified_time":"2020-04-28T10:13:58+00:00","og_image":[{"url":"https:\/\/lune.cloud\/wp-content\/uploads\/2020\/04\/formation_initiale_.jpg","type":"","width":"","height":""}],"twitter_card":"summary_large_image","twitter_misc":{"Dur\u00e9e de lecture estim\u00e9e":"1 minute"},"schema":{"@context":"https:\/\/schema.org","@graph":[{"@type":"WebPage","@id":"https:\/\/lune.cloud\/index.php\/formation\/","url":"https:\/\/lune.cloud\/index.php\/formation\/","name":"Formation - Lune, freelance graphisme &amp; formation","isPartOf":{"@id":"https:\/\/lune.cloud\/#website"},"primaryImageOfPage":{"@id":"https:\/\/lune.cloud\/index.php\/formation\/#primaryimage"},"image":{"@id":"https:\/\/lune.cloud\/index.php\/formation\/#primaryimage"},"thumbnailUrl":"https:\/\/lune.cloud\/wp-content\/uploads\/2020\/04\/formation_initiale_.jpg","datePublished":"2020-03-31T11:40:07+00:00","dateModified":"2020-04-28T10:13:58+00:00","description":"Formation dans les m\u00e9tiers de la cr\u00e9ation graphique. Initiale ou continue, pr\u00e9sentielle ou e-learning","breadcrumb":{"@id":"https:\/\/lune.cloud\/index.php\/formation\/#breadcrumb"},"inLanguage":"fr-FR","potentialAction":[{"@type":"ReadAction","target":["https:\/\/lune.cloud\/index.php\/formation\/"]}]},{"@type":"ImageObject","inLanguage":"fr-FR","@id":"https:\/\/lune.cloud\/index.php\/formation\/#primaryimage","url":"https:\/\/lune.cloud\/wp-content\/uploads\/2020\/04\/formation_initiale_.jpg","contentUrl":"https:\/\/lune.cloud\/wp-content\/uploads\/2020\/04\/formation_initiale_.jpg","width":960,"height":472,"caption":"Formation initiale"},{"@type":"BreadcrumbList","@id":"https:\/\/lune.cloud\/index.php\/formation\/#breadcrumb","itemListElement":[{"@type":"ListItem","position":1,"name":"Home","item":"https:\/\/lune.cloud\/"},{"@type":"ListItem","position":2,"name":"Formation"}]},{"@type":"WebSite","@id":"https:\/\/lune.cloud\/#website","url":"https:\/\/lune.cloud\/","name":"Lune, freelance graphisme &amp; formation","description":"D.A., motion design, 2d &amp; 3d, formation &amp; consulting","publisher":{"@id":"https:\/\/lune.cloud\/#organization"},"potentialAction":[{"@type":"SearchAction","target":{"@type":"EntryPoint","urlTemplate":"https:\/\/lune.cloud\/?s={search_term_string}"},"query-input":{"@type":"PropertyValueSpecification","valueRequired":true,"valueName":"search_term_string"}}],"inLanguage":"fr-FR"},{"@type":"Organization","@id":"https:\/\/lune.cloud\/#organization","name":"Lune","url":"https:\/\/lune.cloud\/","logo":{"@type":"ImageObject","inLanguage":"fr-FR","@id":"https:\/\/lune.cloud\/#\/schema\/logo\/image\/","url":"https:\/\/lune.cloud\/wp-content\/uploads\/2020\/03\/ms-icon-310x310-1.png","contentUrl":"https:\/\/lune.cloud\/wp-content\/uploads\/2020\/03\/ms-icon-310x310-1.png","width":310,"height":310,"caption":"Lune"},"image":{"@id":"https:\/\/lune.cloud\/#\/schema\/logo\/image\/"},"sameAs":["https:\/\/www.facebook.com\/lune-111981165729\/","https:\/\/www.instagram.com\/_lune___________\/","https:\/\/www.linkedin.com\/in\/guillaume-amauger-74420212\/"]}]}},"_links":{"self":[{"href":"https:\/\/lune.cloud\/index.php\/wp-json\/wp\/v2\/pages\/400","targetHints":{"allow":["GET"]}}],"collection":[{"href":"https:\/\/lune.cloud\/index.php\/wp-json\/wp\/v2\/pages"}],"about":[{"href":"https:\/\/lune.cloud\/index.php\/wp-json\/wp\/v2\/types\/page"}],"author":[{"embeddable":true,"href":"https:\/\/lune.cloud\/index.php\/wp-json\/wp\/v2\/users\/1"}],"replies":[{"embeddable":true,"href":"https:\/\/lune.cloud\/index.php\/wp-json\/wp\/v2\/comments?post=400"}],"version-history":[{"count":19,"href":"https:\/\/lune.cloud\/index.php\/wp-json\/wp\/v2\/pages\/400\/revisions"}],"predecessor-version":[{"id":949,"href":"https:\/\/lune.cloud\/index.php\/wp-json\/wp\/v2\/pages\/400\/revisions\/949"}],"wp:attachment":[{"href":"https:\/\/lune.cloud\/index.php\/wp-json\/wp\/v2\/media?parent=400"}],"curies":[{"name":"wp","href":"https:\/\/api.w.org\/{rel}","templated":true}]}}