{"id":1288,"date":"2020-08-14T16:12:02","date_gmt":"2020-08-14T14:12:02","guid":{"rendered":"https:\/\/lune.cloud\/?post_type=product&#038;p=1288"},"modified":"2022-10-02T17:33:24","modified_gmt":"2022-10-02T15:33:24","slug":"lookdev-voiture","status":"publish","type":"product","link":"https:\/\/lune.cloud\/index.php\/produit\/lookdev-voiture\/","title":{"rendered":"LookDev Maya \/ Quixel \/ Nuke"},"content":{"rendered":"\t\t<div data-elementor-type=\"product-post\" data-elementor-id=\"1288\" class=\"elementor elementor-1288\" data-elementor-post-type=\"product\">\n\t\t\t\t\t\t<section class=\"elementor-section elementor-top-section elementor-element elementor-element-296709ee elementor-section-boxed elementor-section-height-default elementor-section-height-default\" data-id=\"296709ee\" data-element_type=\"section\" data-e-type=\"section\">\n\t\t\t\t\t\t<div class=\"elementor-container elementor-column-gap-default\">\n\t\t\t\t\t<div class=\"elementor-column elementor-col-100 elementor-top-column elementor-element elementor-element-4a2a6336\" data-id=\"4a2a6336\" data-element_type=\"column\" data-e-type=\"column\">\n\t\t\t<div class=\"elementor-widget-wrap elementor-element-populated\">\n\t\t\t\t\t\t<div class=\"elementor-element elementor-element-845b5b8 elementor-widget elementor-widget-html\" data-id=\"845b5b8\" data-element_type=\"widget\" data-e-type=\"widget\" data-widget_type=\"html.default\">\n\t\t\t\t<div class=\"elementor-widget-container\">\n\t\t\t\t\t<iframe src=\"https:\/\/player.vimeo.com\/video\/452838783\" width=\"640\" height=\"480\" frameborder=\"0\" allow=\"autoplay; fullscreen\" allowfullscreen><\/iframe>\t\t\t\t<\/div>\n\t\t\t\t<\/div>\n\t\t\t\t<div class=\"elementor-element elementor-element-0c7357d elementor-widget elementor-widget-spacer\" data-id=\"0c7357d\" data-element_type=\"widget\" data-e-type=\"widget\" data-widget_type=\"spacer.default\">\n\t\t\t\t<div class=\"elementor-widget-container\">\n\t\t\t\t\t\t\t<div class=\"elementor-spacer\">\n\t\t\t<div class=\"elementor-spacer-inner\"><\/div>\n\t\t<\/div>\n\t\t\t\t\t\t<\/div>\n\t\t\t\t<\/div>\n\t\t\t\t<div class=\"elementor-element elementor-element-9329afa elementor-widget elementor-widget-heading\" data-id=\"9329afa\" data-element_type=\"widget\" data-e-type=\"widget\" data-widget_type=\"heading.default\">\n\t\t\t\t<div class=\"elementor-widget-container\">\n\t\t\t\t\t<h2 class=\"elementor-heading-title elementor-size-default\">Lookdev Maya \/ Quixel \/ Nuke<\/h2>\t\t\t\t<\/div>\n\t\t\t\t<\/div>\n\t\t\t\t<div class=\"elementor-element elementor-element-8c6d878 elementor-widget elementor-widget-spacer\" data-id=\"8c6d878\" data-element_type=\"widget\" data-e-type=\"widget\" data-widget_type=\"spacer.default\">\n\t\t\t\t<div class=\"elementor-widget-container\">\n\t\t\t\t\t\t\t<div class=\"elementor-spacer\">\n\t\t\t<div class=\"elementor-spacer-inner\"><\/div>\n\t\t<\/div>\n\t\t\t\t\t\t<\/div>\n\t\t\t\t<\/div>\n\t\t\t\t<div class=\"elementor-element elementor-element-53bb5eb3 elementor-widget elementor-widget-text-editor\" data-id=\"53bb5eb3\" data-element_type=\"widget\" data-e-type=\"widget\" data-widget_type=\"text-editor.default\">\n\t\t\t\t<div class=\"elementor-widget-container\">\n\t\t\t\t\t\t\t\t\t<p>Nous verrons ensembles dans cette formation de 9h un workflow complet de lookdev (\u00e9clairage \/ textures \/ mat\u00e9riaux \/ rendu \/ compositing), pour cr\u00e9er une pi\u00e8ce de portfolio. Les logiciels utilis\u00e9s sont Maya \/ Quixel \/ Nuke, mais vous pouvez tout \u00e0 fait utiliser les logiciels de votre choix.<\/p><p>La sc\u00e8ne est fournie en .ma, avec la sc\u00e8ne de d\u00e9part et la sc\u00e8ne finale. Les mod\u00e9lisations sont \u00e9galement disponibles en Alembic (.abc), et les textures en .exr, .hdr ou .jpg. Vous aurez \u00e9galement acc\u00e8s au cache du mesh Realflow pour la neige, et \u00e0 celui des nParticles pour les flocons. La sc\u00e8ne Nuke finale est \u00e9galement fournie.<\/p><p>Cette formation est compos\u00e9e de 61 vid\u00e9os r\u00e9parties en 4 parties principales.<\/p><h3>Chapitre 1 : Maya :<\/h3><p>Dans le chapitre 1 consacr\u00e9 \u00e0 Maya vous verrez comment configurer l&rsquo;interface de votre sc\u00e8ne, passer l&rsquo;espace colorim\u00e9trique en ACES, et appliquer un \u00e9clairage de base \u00e0 l&rsquo;aide d&rsquo;un skydome, d&rsquo;area lights et de lumi\u00e8res IES. Vous verrez \u00e9galement comment cr\u00e9er les mat\u00e9riaux de base pour la neige, le sol, les diff\u00e9rents types de m\u00e9taux et de verres, ainsi que les pneus, le plastique et la carrosserie.<\/p><h3>Chapitre 2 : Quixel Bridge &amp; Quixel Mixer :<\/h3><p>Dans le chapitre 2 nous passerons \u00e0 Quixel Mixer afin de cr\u00e9er les textures pour les diff\u00e9rents \u00e9l\u00e9ments de la sc\u00e8ne, que ce soit de fa\u00e7on proc\u00e9durale, en utilisant les pinceaux ou un m\u00e9lange des deux.<\/p><h3>Chapitre 3 : Maya :<\/h3><p>Pour le troisi\u00e8me chapitre, nous repasserons dans Maya afin de connecter les diff\u00e9rentes textures g\u00e9n\u00e9r\u00e9es dans Mixer \u00e0 nos mat\u00e9riaux (albedo, diffuse, specular, displace, normal map, metalness,etc). Nous affinerons ensuite notre \u00e9clairage et optimiserons nos r\u00e9glages de rendu et cr\u00e9erons diff\u00e9rents passes (uvs,cryptomatte,etc). Apr\u00e8s un premier test de rendu nous passerons bri\u00e8vement dans Nuke pour analyser le bruit pr\u00e9sent dans nos passes, pour pouvoir pr\u00e9parer nos r\u00e9glages de rendu final. Nous cr\u00e9erons \u00e9galement un outil pour facilier la mise au point de la profondeur de champs et activerons le Motion Blur.<\/p><h3>Chapitre 4 : Nuke :\u00a0<\/h3><p>Nous finirons avec Nuke pour le quatri\u00e8me chapitre, en commen\u00e7ant par r\u00e9cup\u00e9rer nos passes et reconstruire notre beauty. Nous corrigerons les probl\u00e8mes de noise et cr\u00e9erons une passe de rayures en important notre g\u00e9om\u00e9trie et notre cam\u00e9ra dans Nuke. Nous nous occuperons ensuite des corrections colorim\u00e9triques des diff\u00e9rentes passes, gr\u00e2ce \u00e0 l&rsquo;aide de Cryptomatte qui nous permet d&rsquo;avoir facilement des masques par objet ou mat\u00e9riau. Nous passerons ensuite aux effets d&rsquo;objectifs, avec les aberrations chromatiques, le glow, le lens flare (avec et sans Optical Flare), les effets de vignette et de grain, avant de tester un gizmo de lens engine. Pour finir nous effectuerons une retouche colorim\u00e9trique globale<\/p><h3>Acc\u00e8s au Discord fourni :\u00a0<\/h3><p>Vous aurez \u00e9galement acc\u00e8s au Discord pour toute question ou probl\u00e8me, ou bien pour venir discuter et montrer vos travaux.<\/p><h3>Logiciels utilis\u00e9s :<\/h3><p>Maya &amp; Arnold<\/p><p>Quixel Bridge &amp; Quixel Mixer<\/p><p>Nuke<\/p><p>\u00a0<\/p><h4>Ce que vous allez apprendre :<\/h4><ul><li>le workflow complet Maya \/ Quixel \/ Nuke (ACES, import de mod\u00e9lisation dans Nuke, etc)<\/li><li>l&rsquo;\u00e9clairage dans Maya \/ Arnold<\/li><li>la cr\u00e9ation de mat\u00e9riaux (verre,m\u00e9tal,neige,carrosserie,pneus, etc)<\/li><li>l&rsquo;import dans Quixel Mixer et la cr\u00e9ation de textures r\u00e9alistes pour nos diff\u00e9rents \u00e9l\u00e9ments<\/li><li>la modification des mat\u00e9riaux Maya avec l&rsquo;ajout des textures issues de Quixel Mixer (displace, normal map, diffuse, specular,metalness,roughness)<\/li><li>l&rsquo;optimisation des param\u00e8tres de rendu et la cr\u00e9ation de passes \u00ab\u00a0custom\u00a0\u00bb (uvs)<\/li><li>l&rsquo;assemblage des passes dans nuke<\/li><li>les retouches colorim\u00e9triques<\/li><li>l&rsquo;import de mod\u00e9lisation 3d de notre sc\u00e8ne pour cr\u00e9er de nouvelles passes<\/li><li>la simulation d&rsquo;effets de lens flare, aberration chromatique,etc<\/li><\/ul><p>\u00a0<\/p><h3>Fichiers inclus :<\/h3><p>Sc\u00e8ne Maya (d\u00e9but &amp; finale)<\/p><p>Mod\u00e9lisations au format Alembic\u00a0<\/p><p>Cache Mesh Realfow\u00a0<\/p><p>Cache nParticles<\/p><p>Textures<\/p><p>Projet Nuke (final)<\/p><h3>Chapitres :\u00a0<\/h3><h4>Maya<\/h4><p>01 : Interface<\/p><p>02 : ACES<\/p><p>03 : References<\/p><p>04 : HDRI<\/p><p>05 : Feu Arri\u00e8re<\/p><p>06 : Feu Avant<\/p><p>07 : Lampadaire<\/p><p>08 : Volum\u00e9trique<\/p><p>09 : Carrosserie<\/p><p>10 : M\u00e9tal<\/p><p>11 : Plastique<\/p><p>12 : Vitre<\/p><p>13 : Pneus<\/p><p>14 : Plaques<\/p><p>15 : Sol<\/p><p>16 : Neige<\/p><p>17 : Rendu<\/p><p>18 : HDRI<\/p><h4>Quixel<\/h4><p>19 : Pneu<\/p><p>20 : Jantes<\/p><p>21 : Plastique Noir<\/p><p>22 : Nid d&rsquo;Abeille<\/p><p>23 : Pot d&rsquo;\u00e9chappement<\/p><p>24 : Plastique Blanc<\/p><p>25 : Cerclage<\/p><p>26 : Vitres<\/p><p>27 : Phares<\/p><p>28 : Carrosserie<\/p><h4>Maya<\/h4><p>29 : Carrosserie<\/p><p>30 : Cerclage<\/p><p>31 : Jantes<\/p><p>32 : Pneu<\/p><p>33 : Nid d&rsquo;abeille<\/p><p>34 : Feu Arri\u00e8re<\/p><p>35 : Feu Avant<\/p><p>36 : Plastique Blanc<\/p><p>37 : Plastique Noir<\/p><p>38 : Pot d&rsquo;\u00e9chappement<\/p><p>39 : Vitres<\/p><p>40 Neige<\/p><p>41 : Rendu<\/p><p>42 : Eclairage<\/p><p>43 : Particules<\/p><p>44 : Motion Blur<\/p><p>45 : Zdepth<\/p><p>46 : Rendu<\/p><p>47 : Nuke \/Analyse Noise<\/p><p>48 : Rendu d\u00e9finitif<\/p><h4>Nuke<\/h4><p>49 : Rebuild Passes<\/p><p>50 : Beauty<\/p><p>51 : Corrections \/ Denoise<\/p><p>52 : Grading<\/p><p>53 : Rayures<\/p><p>54 : Aberrations chromatiques<\/p><p>55 : Glow<\/p><p>56 : Snow Glint<\/p><p>57 : Optical Flares<\/p><p>58 : Vignette<\/p><p>59 : Grain<\/p><p>60 : Lens Engine<\/p><p>61 : Grade Global<\/p><h3>Public Vis\u00e9<\/h3><p>Cette formation s&rsquo;adresse aussi bien aux personnes d\u00e9butantes que de niveau plus avanc\u00e9, souhaitant comprendre le fonctionnement professionnel de toute la cha\u00eene \u00e9clairage\/textures\/rendu\/compositing<\/p>\t\t\t\t\t\t\t\t<\/div>\n\t\t\t\t<\/div>\n\t\t\t\t<div class=\"elementor-element elementor-element-27fca65 elementor-widget elementor-widget-spacer\" data-id=\"27fca65\" data-element_type=\"widget\" data-e-type=\"widget\" data-widget_type=\"spacer.default\">\n\t\t\t\t<div class=\"elementor-widget-container\">\n\t\t\t\t\t\t\t<div class=\"elementor-spacer\">\n\t\t\t<div class=\"elementor-spacer-inner\"><\/div>\n\t\t<\/div>\n\t\t\t\t\t\t<\/div>\n\t\t\t\t<\/div>\n\t\t\t\t\t<\/div>\n\t\t<\/div>\n\t\t\t\t\t<\/div>\n\t\t<\/section>\n\t\t\t\t<section class=\"elementor-section elementor-top-section elementor-element elementor-element-61c2ee9 elementor-section-boxed elementor-section-height-default elementor-section-height-default\" data-id=\"61c2ee9\" data-element_type=\"section\" data-e-type=\"section\">\n\t\t\t\t\t\t<div class=\"elementor-container elementor-column-gap-default\">\n\t\t\t\t\t<div class=\"elementor-column elementor-col-100 elementor-top-column elementor-element elementor-element-cf7fc91\" data-id=\"cf7fc91\" data-element_type=\"column\" data-e-type=\"column\">\n\t\t\t<div class=\"elementor-widget-wrap elementor-element-populated\">\n\t\t\t\t\t\t<div class=\"elementor-element elementor-element-212b5b1 elementor-widget elementor-widget-spacer\" data-id=\"212b5b1\" data-element_type=\"widget\" data-e-type=\"widget\" data-widget_type=\"spacer.default\">\n\t\t\t\t<div class=\"elementor-widget-container\">\n\t\t\t\t\t\t\t<div class=\"elementor-spacer\">\n\t\t\t<div class=\"elementor-spacer-inner\"><\/div>\n\t\t<\/div>\n\t\t\t\t\t\t<\/div>\n\t\t\t\t<\/div>\n\t\t\t\t\t<\/div>\n\t\t<\/div>\n\t\t\t\t\t<\/div>\n\t\t<\/section>\n\t\t\t\t<\/div>\n\t\t","protected":false},"excerpt":{"rendered":"<p>Nous verrons ensembles dans cette formation de 9h un workflow complet de lookdev (\u00e9clairage \/ textures \/ mat\u00e9riaux \/ rendu \/ compositing), pour cr\u00e9er une pi\u00e8ce de portfolio. Les logiciels utilis\u00e9s sont Maya \/ Quixel \/ Nuke, mais vous pouvez tout \u00e0 fait utiliser les logiciels de votre choix.<\/p>\n<p>La sc\u00e8ne est fournie en .ma, avec la sc\u00e8ne de d\u00e9part et la sc\u00e8ne finale. Les mod\u00e9lisations sont \u00e9galement disponibles en Alembic (.abc), et les textures en .exr, .hdr ou .jpg. Vous aurez \u00e9galement acc\u00e8s au cache du mesh Realflow pour la neige, et \u00e0 celui des nParticles pour les flocons. La sc\u00e8ne Nuke finale est \u00e9galement fournie.<\/p>\n<p>Cette formation est compos\u00e9e de 61 vid\u00e9os r\u00e9parties en 4 parties principales.<\/p>\n","protected":false},"featured_media":1499,"comment_status":"open","ping_status":"closed","template":"","meta":{"_ppp_document_settings_meta":"","_monsterinsights_skip_tracking":false,"_monsterinsights_sitenote_active":false,"_monsterinsights_sitenote_note":"","_monsterinsights_sitenote_category":0,"ocean_post_layout":"","ocean_both_sidebars_style":"","ocean_both_sidebars_content_width":0,"ocean_both_sidebars_sidebars_width":0,"ocean_sidebar":"0","ocean_second_sidebar":"0","ocean_disable_margins":"enable","ocean_add_body_class":"","ocean_shortcode_before_top_bar":"","ocean_shortcode_after_top_bar":"","ocean_shortcode_before_header":"","ocean_shortcode_after_header":"","ocean_has_shortcode":"","ocean_shortcode_after_title":"","ocean_shortcode_before_footer_widgets":"","ocean_shortcode_after_footer_widgets":"","ocean_shortcode_before_footer_bottom":"","ocean_shortcode_after_footer_bottom":"","ocean_display_top_bar":"default","ocean_display_header":"default","ocean_header_style":"","ocean_center_header_left_menu":"0","ocean_custom_header_template":"0","ocean_custom_logo":0,"ocean_custom_retina_logo":0,"ocean_custom_logo_max_width":0,"ocean_custom_logo_tablet_max_width":0,"ocean_custom_logo_mobile_max_width":0,"ocean_custom_logo_max_height":0,"ocean_custom_logo_tablet_max_height":0,"ocean_custom_logo_mobile_max_height":0,"ocean_header_custom_menu":"0","ocean_menu_typo_font_family":"0","ocean_menu_typo_font_subset":"","ocean_menu_typo_font_size":0,"ocean_menu_typo_font_size_tablet":0,"ocean_menu_typo_font_size_mobile":0,"ocean_menu_typo_font_size_unit":"px","ocean_menu_typo_font_weight":"","ocean_menu_typo_font_weight_tablet":"","ocean_menu_typo_font_weight_mobile":"","ocean_menu_typo_transform":"","ocean_menu_typo_transform_tablet":"","ocean_menu_typo_transform_mobile":"","ocean_menu_typo_line_height":0,"ocean_menu_typo_line_height_tablet":0,"ocean_menu_typo_line_height_mobile":0,"ocean_menu_typo_line_height_unit":"","ocean_menu_typo_spacing":0,"ocean_menu_typo_spacing_tablet":0,"ocean_menu_typo_spacing_mobile":0,"ocean_menu_typo_spacing_unit":"","ocean_menu_link_color":"","ocean_menu_link_color_hover":"","ocean_menu_link_color_active":"","ocean_menu_link_background":"","ocean_menu_link_hover_background":"","ocean_menu_link_active_background":"","ocean_menu_social_links_bg":"","ocean_menu_social_hover_links_bg":"","ocean_menu_social_links_color":"","ocean_menu_social_hover_links_color":"","ocean_disable_title":"on","ocean_disable_heading":"default","ocean_post_title":"","ocean_post_subheading":"","ocean_post_title_style":"","ocean_post_title_background_color":"","ocean_post_title_background":0,"ocean_post_title_bg_image_position":"","ocean_post_title_bg_image_attachment":"","ocean_post_title_bg_image_repeat":"","ocean_post_title_bg_image_size":"","ocean_post_title_height":0,"ocean_post_title_bg_overlay":0.5,"ocean_post_title_bg_overlay_color":"","ocean_disable_breadcrumbs":"default","ocean_breadcrumbs_color":"","ocean_breadcrumbs_separator_color":"","ocean_breadcrumbs_links_color":"","ocean_breadcrumbs_links_hover_color":"","ocean_display_footer_widgets":"default","ocean_display_footer_bottom":"default","ocean_custom_footer_template":"0","ofc_meta_disable_footer_callout":"","ofc_meta_callout_button_url":"","ofc_meta_callout_button_txt":"","ofc_meta_callout_text":"","ofc_enable_fullscreen":"disable","ofc_fullscreen_speed":0,"ofc_fullscreen_nav":"enable","ofc_fullscreen_nav_pos":"right","ofc_fullscreen_nav_color":"","ofc_fullscreen_nav_tooltip_color":"","ofc_fullscreen_responsive":0,"osp_disable_panel":"default","osh_disable_topbar_sticky":"default","osh_disable_header_sticky":"default","osh_sticky_header_style":"default","osh_sticky_header_effect":"","osh_custom_sticky_logo":0,"osh_custom_retina_sticky_logo":0,"osh_custom_sticky_logo_height":0,"osh_background_color":"","osh_links_color":"","osh_links_hover_color":"","osh_links_active_color":"","osh_links_bg_color":"","osh_links_hover_bg_color":"","osh_links_active_bg_color":"","osh_menu_social_links_color":"","osh_menu_social_hover_links_color":""},"product_brand":[],"product_cat":[94],"product_tag":[],"class_list":{"0":"post-1288","1":"product","2":"type-product","3":"status-publish","4":"has-post-thumbnail","6":"product_cat-tutoriel","8":"entry","9":"has-media","11":"first","12":"instock","13":"virtual","14":"taxable","15":"purchasable","16":"product-type-simple","17":"has-product-nav","18":"col","19":"span_1_of_3","20":"owp-content-center","21":"owp-thumbs-layout-horizontal","22":"owp-btn-normal","23":"owp-tabs-layout-horizontal"},"yoast_head":"<!-- This site is optimized with the Yoast SEO plugin v27.5 - https:\/\/yoast.com\/product\/yoast-seo-wordpress\/ -->\n<title>LookDev Maya \/ Quixel \/ Nuke - Lune, freelance graphisme &amp; formation<\/title>\n<meta name=\"description\" content=\"Tutoriel d&#039;\u00e9clairage, textures, mat\u00e9riaux et compositing d&#039;une sc\u00e8ne de voiture en ext\u00e9rieur. Workflow complet, sc\u00e8ne finale fournie, ACES, Arnold, Maya, Quixel Bridge &amp; Quixel Mixer, Nuke\" \/>\n<meta name=\"robots\" content=\"index, follow, max-snippet:-1, max-image-preview:large, max-video-preview:-1\" \/>\n<link rel=\"canonical\" href=\"https:\/\/lune.cloud\/index.php\/produit\/lookdev-voiture\/\" \/>\n<meta property=\"og:locale\" content=\"fr_FR\" \/>\n<meta property=\"og:type\" content=\"article\" \/>\n<meta property=\"og:title\" content=\"LookDev Maya \/ Quixel \/ Nuke - Lune, freelance graphisme &amp; formation\" \/>\n<meta property=\"og:description\" content=\"Tutoriel d&#039;\u00e9clairage, textures, mat\u00e9riaux et compositing d&#039;une sc\u00e8ne de voiture en ext\u00e9rieur. Workflow complet, sc\u00e8ne finale fournie, ACES, Arnold, Maya, Quixel Bridge &amp; Quixel Mixer, Nuke\" \/>\n<meta property=\"og:url\" content=\"https:\/\/lune.cloud\/index.php\/produit\/lookdev-voiture\/\" \/>\n<meta property=\"og:site_name\" content=\"Lune, freelance graphisme &amp; formation\" \/>\n<meta property=\"article:publisher\" content=\"https:\/\/www.facebook.com\/lune-111981165729\/\" \/>\n<meta property=\"article:modified_time\" content=\"2022-10-02T15:33:24+00:00\" \/>\n<meta property=\"og:image\" content=\"https:\/\/lune.cloud\/wp-content\/uploads\/2020\/08\/cover_packshot-1024x576.png\" \/>\n\t<meta property=\"og:image:width\" content=\"1024\" \/>\n\t<meta property=\"og:image:height\" content=\"576\" \/>\n\t<meta property=\"og:image:type\" content=\"image\/png\" \/>\n<meta name=\"twitter:card\" content=\"summary_large_image\" \/>\n<meta name=\"twitter:label1\" content=\"Dur\u00e9e de lecture estim\u00e9e\" \/>\n\t<meta name=\"twitter:data1\" content=\"4 minutes\" \/>\n<!-- \/ Yoast SEO plugin. -->","yoast_head_json":{"title":"LookDev Maya \/ Quixel \/ Nuke - Lune, freelance graphisme &amp; formation","description":"Tutoriel d'\u00e9clairage, textures, mat\u00e9riaux et compositing d'une sc\u00e8ne de voiture en ext\u00e9rieur. Workflow complet, sc\u00e8ne finale fournie, ACES, Arnold, Maya, Quixel Bridge & Quixel Mixer, Nuke","robots":{"index":"index","follow":"follow","max-snippet":"max-snippet:-1","max-image-preview":"max-image-preview:large","max-video-preview":"max-video-preview:-1"},"canonical":"https:\/\/lune.cloud\/index.php\/produit\/lookdev-voiture\/","og_locale":"fr_FR","og_type":"article","og_title":"LookDev Maya \/ Quixel \/ Nuke - Lune, freelance graphisme &amp; formation","og_description":"Tutoriel d'\u00e9clairage, textures, mat\u00e9riaux et compositing d'une sc\u00e8ne de voiture en ext\u00e9rieur. Workflow complet, sc\u00e8ne finale fournie, ACES, Arnold, Maya, Quixel Bridge & Quixel Mixer, Nuke","og_url":"https:\/\/lune.cloud\/index.php\/produit\/lookdev-voiture\/","og_site_name":"Lune, freelance graphisme &amp; formation","article_publisher":"https:\/\/www.facebook.com\/lune-111981165729\/","article_modified_time":"2022-10-02T15:33:24+00:00","og_image":[{"width":1024,"height":576,"url":"https:\/\/lune.cloud\/wp-content\/uploads\/2020\/08\/cover_packshot-1024x576.png","type":"image\/png"}],"twitter_card":"summary_large_image","twitter_misc":{"Dur\u00e9e de lecture estim\u00e9e":"4 minutes"},"schema":{"@context":"https:\/\/schema.org","@graph":[{"@type":"WebPage","@id":"https:\/\/lune.cloud\/index.php\/produit\/lookdev-voiture\/","url":"https:\/\/lune.cloud\/index.php\/produit\/lookdev-voiture\/","name":"LookDev Maya \/ Quixel \/ Nuke - Lune, freelance graphisme &amp; formation","isPartOf":{"@id":"https:\/\/lune.cloud\/#website"},"primaryImageOfPage":{"@id":"https:\/\/lune.cloud\/index.php\/produit\/lookdev-voiture\/#primaryimage"},"image":{"@id":"https:\/\/lune.cloud\/index.php\/produit\/lookdev-voiture\/#primaryimage"},"thumbnailUrl":"https:\/\/lune.cloud\/wp-content\/uploads\/2020\/08\/cover_packshot.png","datePublished":"2020-08-14T14:12:02+00:00","dateModified":"2022-10-02T15:33:24+00:00","description":"Tutoriel d'\u00e9clairage, textures, mat\u00e9riaux et compositing d'une sc\u00e8ne de voiture en ext\u00e9rieur. Workflow complet, sc\u00e8ne finale fournie, ACES, Arnold, Maya, Quixel Bridge & Quixel Mixer, Nuke","breadcrumb":{"@id":"https:\/\/lune.cloud\/index.php\/produit\/lookdev-voiture\/#breadcrumb"},"inLanguage":"fr-FR","potentialAction":[{"@type":"ReadAction","target":["https:\/\/lune.cloud\/index.php\/produit\/lookdev-voiture\/"]}]},{"@type":"ImageObject","inLanguage":"fr-FR","@id":"https:\/\/lune.cloud\/index.php\/produit\/lookdev-voiture\/#primaryimage","url":"https:\/\/lune.cloud\/wp-content\/uploads\/2020\/08\/cover_packshot.png","contentUrl":"https:\/\/lune.cloud\/wp-content\/uploads\/2020\/08\/cover_packshot.png","width":1920,"height":1080},{"@type":"BreadcrumbList","@id":"https:\/\/lune.cloud\/index.php\/produit\/lookdev-voiture\/#breadcrumb","itemListElement":[{"@type":"ListItem","position":1,"name":"Home","item":"https:\/\/lune.cloud\/"},{"@type":"ListItem","position":2,"name":"Tutoriels","item":"https:\/\/lune.cloud\/index.php\/page-shop\/"},{"@type":"ListItem","position":3,"name":"LookDev Maya \/ Quixel \/ Nuke"}]},{"@type":"WebSite","@id":"https:\/\/lune.cloud\/#website","url":"https:\/\/lune.cloud\/","name":"Lune, freelance graphisme &amp; formation","description":"D.A., motion design, 2d &amp; 3d, formation &amp; consulting","publisher":{"@id":"https:\/\/lune.cloud\/#organization"},"potentialAction":[{"@type":"SearchAction","target":{"@type":"EntryPoint","urlTemplate":"https:\/\/lune.cloud\/?s={search_term_string}"},"query-input":{"@type":"PropertyValueSpecification","valueRequired":true,"valueName":"search_term_string"}}],"inLanguage":"fr-FR"},{"@type":"Organization","@id":"https:\/\/lune.cloud\/#organization","name":"Lune","url":"https:\/\/lune.cloud\/","logo":{"@type":"ImageObject","inLanguage":"fr-FR","@id":"https:\/\/lune.cloud\/#\/schema\/logo\/image\/","url":"https:\/\/lune.cloud\/wp-content\/uploads\/2020\/03\/ms-icon-310x310-1.png","contentUrl":"https:\/\/lune.cloud\/wp-content\/uploads\/2020\/03\/ms-icon-310x310-1.png","width":310,"height":310,"caption":"Lune"},"image":{"@id":"https:\/\/lune.cloud\/#\/schema\/logo\/image\/"},"sameAs":["https:\/\/www.facebook.com\/lune-111981165729\/","https:\/\/www.instagram.com\/_lune___________\/","https:\/\/www.linkedin.com\/in\/guillaume-amauger-74420212\/"]}]}},"_links":{"self":[{"href":"https:\/\/lune.cloud\/index.php\/wp-json\/wp\/v2\/product\/1288","targetHints":{"allow":["GET"]}}],"collection":[{"href":"https:\/\/lune.cloud\/index.php\/wp-json\/wp\/v2\/product"}],"about":[{"href":"https:\/\/lune.cloud\/index.php\/wp-json\/wp\/v2\/types\/product"}],"replies":[{"embeddable":true,"href":"https:\/\/lune.cloud\/index.php\/wp-json\/wp\/v2\/comments?post=1288"}],"version-history":[{"count":20,"href":"https:\/\/lune.cloud\/index.php\/wp-json\/wp\/v2\/product\/1288\/revisions"}],"predecessor-version":[{"id":4164,"href":"https:\/\/lune.cloud\/index.php\/wp-json\/wp\/v2\/product\/1288\/revisions\/4164"}],"wp:featuredmedia":[{"embeddable":true,"href":"https:\/\/lune.cloud\/index.php\/wp-json\/wp\/v2\/media\/1499"}],"wp:attachment":[{"href":"https:\/\/lune.cloud\/index.php\/wp-json\/wp\/v2\/media?parent=1288"}],"wp:term":[{"taxonomy":"product_brand","embeddable":true,"href":"https:\/\/lune.cloud\/index.php\/wp-json\/wp\/v2\/product_brand?post=1288"},{"taxonomy":"product_cat","embeddable":true,"href":"https:\/\/lune.cloud\/index.php\/wp-json\/wp\/v2\/product_cat?post=1288"},{"taxonomy":"product_tag","embeddable":true,"href":"https:\/\/lune.cloud\/index.php\/wp-json\/wp\/v2\/product_tag?post=1288"}],"curies":[{"name":"wp","href":"https:\/\/api.w.org\/{rel}","templated":true}]}}